{"id":1999,"date":"2016-11-15T14:52:33","date_gmt":"2016-11-15T14:52:33","guid":{"rendered":"http:\/\/smartwpress.com\/lucille4\/?page_id=1999"},"modified":"2025-06-30T14:46:07","modified_gmt":"2025-06-30T17:46:07","slug":"main-page","status":"publish","type":"page","link":"https:\/\/bebecobluesband.kinzart.com.br\/","title":{"rendered":"Main Page"},"content":{"rendered":"<section class=\"wpb-content-wrapper\"><p>[vc_row css=&#8221;.vc_custom_1751297995382{background-image: url(https:\/\/bebecobluesband.kinzart.com.br\/wp-content\/uploads\/2025\/06\/Session-Blues-tio-Gther\u00b4s-24-06-25-201-scaled.jpeg?id=2556) !important;background-position: center !important;background-repeat: no-repeat !important;background-size: cover !important;}&#8221; el_id=&#8221;banner&#8221;][vc_column][\/vc_column][\/vc_row][vc_row full_height=&#8221;yes&#8221; css=&#8221;.vc_custom_1751296998970{background-image: url(https:\/\/bebecobluesband.kinzart.com.br\/wp-content\/uploads\/2025\/06\/Bebeco-2-scaled.jpg?id=2524) !important;background-position: center !important;background-repeat: no-repeat !important;background-size: cover !important;}&#8221; el_id=&#8221;banner-mbl&#8221;][vc_column][\/vc_column][\/vc_row][vc_row css=&#8221;.vc_custom_1691079305897{margin-right: 10vw !important;margin-left: 10vw !important;padding-top: 5vh !important;}&#8221; el_id=&#8221;sobre&#8221;][vc_column][vc_row_inner css=&#8221;.vc_custom_1691079484117{margin-bottom: 5vh !important;}&#8221; el_id=&#8221;titulo&#8221;][vc_column_inner]\t\r\n\t<div class=\"lc_vc_section_title text_center\">\r\n\t\t<h2 class=\"section_title\">Sobre a <span class=\"lc_vibrant_color\">Banda<\/span><\/h2>\r\n\t\t<h4 class=\"section_subtitle\">BEBECO BLUES BAND<\/h4>\r\n\t<\/div>\r\n\t\r\n\t[\/vc_column_inner][\/vc_row_inner][vc_row_inner][vc_column_inner width=&#8221;1\/2&#8243;][vc_gallery interval=&#8221;5&#8243; images=&#8221;2515,2517,2520,2521,2522,2526,2527&#8243; img_size=&#8221;full&#8221; onclick=&#8221;img_link_large&#8221; el_id=&#8221;slide-renata&#8221;][\/vc_column_inner][vc_column_inner width=&#8221;1\/2&#8243;][vc_column_text]<\/p>\n<h3>Bebeco Blues Band: A Alma do Blues com Sotaque Catarinense<\/h3>\n<p>&nbsp;<\/p>\n<p>Nascida da uni\u00e3o de experientes m\u00fasicos em Florian\u00f3polis, a Bebeco Blues Band \u00e9 mais do que um grupo musical; <span class=\"citation-31\">\u00e9 um projeto dedicado a fortalecer e enriquecer a cena cultural local desde sua forma\u00e7\u00e3o em julho de 2023<\/span>. <span class=\"citation-30\">A banda oferece uma imers\u00e3o profunda nas ra\u00edzes e nos afluentes do blues, combinando cl\u00e1ssicos consagrados com o trabalho autoral do vocalista e tecladista Bebeco Rocha<\/span>.<\/p>\n<div class=\"source-inline-chip-container ng-star-inserted\"><\/div>\n<div class=\"source-inline-chip-container ng-star-inserted\"><\/div>\n<div class=\"source-inline-chip-container ng-star-inserted\"><\/div>\n<p><span class=\"citation-29\">Com atua\u00e7\u00f5es marcantes em bares, pra\u00e7as e casas de shows, o grupo se destaca por sua performance din\u00e2mica, que convida o p\u00fablico a uma verdadeira viagem pela hist\u00f3ria da m\u00fasica afro-americana<\/span>.[\/vc_column_text][\/vc_column_inner][\/vc_row_inner][vc_row_inner][vc_column_inner][vc_column_text]<\/p>\n<h4>Uma Experi\u00eancia Musical Aut\u00eantica<\/h4>\n<p>&nbsp;<\/p>\n<p><span class=\"citation-28\">Ao vivo, a Bebeco Blues Band reencarna a energia de \u00edcones como Muddy Waters, Otis Redding, Albert King e Nina Simone, entregando um repert\u00f3rio de excel\u00eancia<\/span>. <span class=\"citation-27\">Al\u00e9m das releituras, a banda apresenta as can\u00e7\u00f5es do CD &#8220;A Trilha&#8221;, um trabalho composto por Bebeco Rocha e com arranjos criados coletivamente pelo grupo<\/span>.<\/p>\n<div class=\"source-inline-chip-container ng-star-inserted\"><\/div>\n<div class=\"source-inline-chip-container ng-star-inserted\"><\/div>\n<div class=\"source-inline-chip-container ng-star-inserted\"><\/div>\n<div class=\"source-inline-chip-container ng-star-inserted\"><\/div>\n<div class=\"source-inline-chip-container ng-star-inserted\"><\/div>\n<p><span class=\"citation-26\">A versatilidade \u00e9 uma marca do projeto, que adapta seu formato para cada tipo de evento, com apresenta\u00e7\u00f5es em formato de quarteto ou quinteto, garantindo sempre uma experi\u00eancia auditiva prazerosa e memor\u00e1vel<\/span>.<\/p>\n<p>[\/vc_column_text][\/vc_column_inner][\/vc_row_inner][vc_row_inner el_class=&#8221;musicos&#8221;][vc_column_inner width=&#8221;1\/2&#8243;][vc_column_text]<\/p>\n<h4>Os M\u00fasicos<\/h4>\n<p>&nbsp;<\/p>\n<p>A for\u00e7a da banda reside na trajet\u00f3ria individual e na sinergia de seus membros:<\/p>\n<p>&nbsp;<\/p>\n<ul>\n<li><b><span class=\"citation-25\">Bebeco Rocha (Vocal, Teclado e Compositor):<\/span><\/b><span class=\"citation-25\"> Artista multi-instrumentista, Bebeco \u00e9 a for\u00e7a motriz do projeto<\/span>. <span class=\"citation-24\">Com uma jornada que come\u00e7ou estudando piano no Rio Grande do Sul, passou por palcos de rua e pubs em Dublin, na Irlanda (2014-2016), e se consolidou em Florian\u00f3polis<\/span>. <span class=\"citation-23\">Ele se destaca n\u00e3o apenas pela execu\u00e7\u00e3o, mas por transmitir a cultura dos estilos que interpreta, que v\u00e3o do blues ao jazz, rock e folk<\/span><\/li>\n<\/ul>\n<p>[\/vc_column_text][vc_column_text]<\/p>\n<ul>\n<li><b><span class=\"citation-22\">Ricardo Paix\u00e3o (Baixo, Guitarra e Viol\u00e3o):<\/span><\/b><span class=\"citation-22\"> Um produtor art\u00edstico, arranjador e multi-instrumentista dedicado \u00e0s culturas afro-diasp\u00f3ricas como blues, jazz, funk e soul<\/span>. <span class=\"citation-21\">Sua experi\u00eancia enriquece os arranjos da banda e sua presen\u00e7a \u00e9 sentida em diversos projetos musicais da regi\u00e3o<\/span>.<\/li>\n<\/ul>\n<p>[\/vc_column_text][vc_column_text]<\/p>\n<ul>\n<li><b><span class=\"citation-20\">Yuri Marimon (Guitarra):<\/span><\/b><span class=\"citation-20\"> Guitarrista, compositor e bacharel em composi\u00e7\u00e3o musical pela UFPEL<\/span>. <span class=\"citation-19\">Traz na bagagem a experi\u00eancia de ter atuado em diversos estados do Sul e Sudeste, contribuindo com uma sonoridade rica e vers\u00e1til para a banda<\/span>.<\/li>\n<\/ul>\n<p>[\/vc_column_text][vc_column_text]<\/p>\n<ul>\n<li><b><span class=\"citation-18\">Lauro Fonseca (Bateria):<\/span><\/b><span class=\"citation-18\"> Respons\u00e1vel por assinar as baterias em trabalhos de diversos artistas, incluindo Bebeco Rocha, Lauro \u00e9 um m\u00fasico atuante em grava\u00e7\u00f5es e produ\u00e7\u00f5es em Florian\u00f3polis, garantindo o pulso r\u00edtmico e a coes\u00e3o da banda<\/span>.<\/li>\n<\/ul>\n<p>[\/vc_column_text][\/vc_column_inner][vc_column_inner width=&#8221;1\/2&#8243; el_id=&#8221;foto-musicos&#8221;][vc_gallery interval=&#8221;5&#8243; images=&#8221;2528,2525,2524,2523,2519,2516&#8243; img_size=&#8221;full&#8221; onclick=&#8221;img_link_large&#8221;][\/vc_column_inner][\/vc_row_inner][\/vc_column][\/vc_row][vc_row parallax=&#8221;content-moving&#8221; parallax_image=&#8221;48&#8243; parallax_speed_bg=&#8221;3&#8243; js_color_overlay=&#8221;rgba(21,21,21,0.88)&#8221; css=&#8221;.vc_custom_1483389536781{background-position: center;background-repeat: no-repeat;background-size:cover;}&#8221;][vc_column][vc_row_inner css=&#8221;.vc_custom_1480014094601{margin-top: 80px !important;margin-bottom: 60px !important;}&#8221;][vc_column_inner]\t\r\n\t<div class=\"lc_vc_section_title text_center\">\r\n\t\t<h2 class=\"section_title\">Ultimos <span class=\"lc_vibrant_color\">Videos<\/span><\/h2>\r\n\t\t<h4 class=\"section_subtitle\"><\/h4>\r\n\t<\/div>\r\n\t\r\n\t[\/vc_column_inner][\/vc_row_inner][vc_row_inner css=&#8221;.vc_custom_1692659448177{margin-top: 60px !important;margin-bottom: 30px !important;}&#8221;][vc_column_inner width=&#8221;1\/3&#8243;][vc_video link=&#8221;https:\/\/youtu.be\/RsIWkSSVMnU&#8221; align=&#8221;center&#8221;][\/vc_column_inner][vc_column_inner width=&#8221;1\/3&#8243;][vc_video link=&#8221;https:\/\/www.youtube.com\/watch?v=T5hDQ6bRkMM&#8221; align=&#8221;center&#8221;][\/vc_column_inner][vc_column_inner width=&#8221;1\/3&#8243;][vc_video link=&#8221;https:\/\/youtu.be\/RsIWkSSVMnU&#8221; align=&#8221;center&#8221;][\/vc_column_inner][\/vc_row_inner]<div class=\"lc_button button_center\"><a href=\"https:\/\/bebecobluesband.kinzart.com.br\/index.php\/all-videos\/\" alt=\"Mais Videos\">Mais Videos<\/a><\/div>[vc_empty_space][\/vc_column][\/vc_row][vc_row js_color_overlay=&#8221;rgba(7,16,33,0.4)&#8221;][vc_column css=&#8221;.vc_custom_1479811878528{margin-top: 0px !important;}&#8221;][vc_row_inner css=&#8221;.vc_custom_1479812469116{margin-top: 80px !important;margin-bottom: 60px !important;}&#8221;][vc_column_inner]\t\r\n\t<div class=\"lc_vc_section_title text_center\">\r\n\t\t<h2 class=\"section_title\">Agenda <span class=\"lc_vibrant_color\">2025<\/span><\/h2>\r\n\t\t<h4 class=\"section_subtitle\">Proximos shows:<\/h4>\r\n\t<\/div>\r\n\t\r\n\t[\/vc_column_inner][\/vc_row_inner][vc_row_inner css=&#8221;.vc_custom_1479812495937{margin-top: 80px !important;margin-bottom: 80px !important;}&#8221;][vc_column_inner][\/vc_column_inner][\/vc_row_inner][vc_row_inner css=&#8221;.vc_custom_1479812495937{margin-top: 80px !important;margin-bottom: 80px !important;}&#8221;][vc_column_inner]\t\r\n\t<div class=\"lc_vc_section_title text_center\">\r\n\t\t<h2 class=\"section_title\"><\/h2>\r\n\t\t<h4 class=\"section_subtitle\">Eventos realizados<\/h4>\r\n\t<\/div>\r\n\t\r\n\t[\/vc_column_inner][\/vc_row_inner][vc_row_inner css=&#8221;.vc_custom_1479812495937{margin-top: 80px !important;margin-bottom: 80px !important;}&#8221;][vc_column_inner]\t\t<div class=\"lc_swp_boxed\">\r\n\t\t\t<ul class=\"events_list vc_events_element\">\r\n\t\t\t\t\r\n\t\t\t\t\t<li class=\"single_event_list clearfix  emphasize_first\">\r\n\t\t\t\t\t\t<a href=\"https:\/\/bebecobluesband.kinzart.com.br\/index.php\/js_events\/layback-park\/\">\r\n\t\t\t\t\t\t\t<div class=\"event_list_entry event_date\">\r\n\t\t\t\t\t\t\t\t\r\n\t\t\t\t\t\t\t\t\t<span class=\"eventlist_day\">11<\/span>\r\n\t\t\t\t\t\t\t\t\t<span class=\"eventlist_month\">july<\/span>\r\n\t\t\t\t\t\t\t\t\t<span class=\"eventlist_year\">2025<\/span>\r\n\r\n\t\t\t\t\t\t\t\t\t\t\t\t\t\t\t\t\r\n\t\t\t\t\t\t\t<\/div>\r\n\t\t\t\t\t\t\t\r\n\t\t\t\t\t\t\t<div class=\"event_list_entry event_location\">\r\n\t\t\t\t\t\t\t\tFlorian\u00f3polis\t\t\t\t\t\t\t<\/div>\r\n\t\t\t\t\t\t\t\r\n\t\t\t\t\t\t\t<div class=\"event_list_entry event_venue\">\r\n\t\t\t\t\t\t\t\tLayback Park \t\t\t\t\t\t\t<\/div>\r\n\t\t\t\t\t\t\t\r\n\t\t\t\t\t\t\t<div class=\"event_list_entry event_buy\">\r\n\t\t\t\t\t\t\t\t\t\t\t\t\t\t\t<\/div>\r\n\t\t\t\t\t\t<\/a>\r\n\t\t\t\t\t<\/li>\r\n\t\t\t\t\r\n\t\t\t\t\t<li class=\"single_event_list clearfix  emphasize_first add_top_pad\">\r\n\t\t\t\t\t\t<a href=\"https:\/\/bebecobluesband.kinzart.com.br\/index.php\/js_events\/crowd\/\">\r\n\t\t\t\t\t\t\t<div class=\"event_list_entry event_date\">\r\n\t\t\t\t\t\t\t\t\r\n\t\t\t\t\t\t\t\t\t<span class=\"eventlist_day\">14<\/span>\r\n\t\t\t\t\t\t\t\t\t<span class=\"eventlist_month\">june<\/span>\r\n\t\t\t\t\t\t\t\t\t<span class=\"eventlist_year\">2025<\/span>\r\n\r\n\t\t\t\t\t\t\t\t\t\t\t\t\t\t\t\t\r\n\t\t\t\t\t\t\t<\/div>\r\n\t\t\t\t\t\t\t\r\n\t\t\t\t\t\t\t<div class=\"event_list_entry event_location\">\r\n\t\t\t\t\t\t\t\tFlorian\u00f3polis\t\t\t\t\t\t\t<\/div>\r\n\t\t\t\t\t\t\t\r\n\t\t\t\t\t\t\t<div class=\"event_list_entry event_venue\">\r\n\t\t\t\t\t\t\t\tCrowd Corner Shop \t\t\t\t\t\t\t<\/div>\r\n\t\t\t\t\t\t\t\r\n\t\t\t\t\t\t\t<div class=\"event_list_entry event_buy\">\r\n\t\t\t\t\t\t\t\t\t\t\t\t\t\t\t<\/div>\r\n\t\t\t\t\t\t<\/a>\r\n\t\t\t\t\t<\/li>\r\n\t\t\t\t\r\n\t\t\t\t\t<li class=\"single_event_list clearfix  emphasize_first add_top_pad\">\r\n\t\t\t\t\t\t<a href=\"https:\/\/bebecobluesband.kinzart.com.br\/index.php\/js_events\/jardim-eletrico-2\/\">\r\n\t\t\t\t\t\t\t<div class=\"event_list_entry event_date\">\r\n\t\t\t\t\t\t\t\t\r\n\t\t\t\t\t\t\t\t\t<span class=\"eventlist_day\">13<\/span>\r\n\t\t\t\t\t\t\t\t\t<span class=\"eventlist_month\">june<\/span>\r\n\t\t\t\t\t\t\t\t\t<span class=\"eventlist_year\">2025<\/span>\r\n\r\n\t\t\t\t\t\t\t\t\t\t\t\t\t\t\t\t\r\n\t\t\t\t\t\t\t<\/div>\r\n\t\t\t\t\t\t\t\r\n\t\t\t\t\t\t\t<div class=\"event_list_entry event_location\">\r\n\t\t\t\t\t\t\t\tBalne\u00e1rio Cambori\u00fa\t\t\t\t\t\t\t<\/div>\r\n\t\t\t\t\t\t\t\r\n\t\t\t\t\t\t\t<div class=\"event_list_entry event_venue\">\r\n\t\t\t\t\t\t\t\tJARDIM ELETRICO\t\t\t\t\t\t\t<\/div>\r\n\t\t\t\t\t\t\t\r\n\t\t\t\t\t\t\t<div class=\"event_list_entry event_buy\">\r\n\t\t\t\t\t\t\t\t\t\t\t\t\t\t\t<\/div>\r\n\t\t\t\t\t\t<\/a>\r\n\t\t\t\t\t<\/li>\r\n\t\t\t\t\t\t\t<\/ul>\r\n\t\t\t\r\n\t\t\t\t\t<\/div>\r\n\t\t[\/vc_column_inner][\/vc_row_inner][\/vc_column][\/vc_row][vc_row js_color_overlay=&#8221;rgba(27,27,27,0.01)&#8221;][vc_column][vc_row_inner css=&#8221;.vc_custom_1480013935062{margin-top: 80px !important;margin-bottom: 60px !important;}&#8221;][vc_column_inner]\t\r\n\t<div class=\"lc_vc_section_title text_center\">\r\n\t\t<h2 class=\"section_title\">Galeria de <span class=\"lc_vibrant_color\">Imagens<\/span><\/h2>\r\n\t\t<h4 class=\"section_subtitle\">Registros<\/h4>\r\n\t<\/div>\r\n\t\r\n\t[\/vc_column_inner][\/vc_row_inner][vc_row_inner css=&#8221;.vc_custom_1480065929541{margin-top: 0px !important;padding-bottom: 80px !important;}&#8221;][vc_column_inner]<div class=\"lc_swp_justified_gallery\" data-rheight=\"250\"><div class=\"img_box\"><div class=\"gallery_brick_overlay\"><\/div><a href=\"https:\/\/bebecobluesband.kinzart.com.br\/wp-content\/uploads\/2025\/06\/IMG_1300-scaled.jpg\" data-lightbox=\"photoAlbum1449699623\"><img loading=\"lazy\" decoding=\"async\" width=\"1440\" height=\"2560\" src=\"https:\/\/bebecobluesband.kinzart.com.br\/wp-content\/uploads\/2025\/06\/IMG_1300-scaled.jpg\" class=\"attachment-full size-full\" alt=\"\" srcset=\"https:\/\/bebecobluesband.kinzart.com.br\/wp-content\/uploads\/2025\/06\/IMG_1300-scaled.jpg 1440w, https:\/\/bebecobluesband.kinzart.com.br\/wp-content\/uploads\/2025\/06\/IMG_1300-169x300.jpg 169w, https:\/\/bebecobluesband.kinzart.com.br\/wp-content\/uploads\/2025\/06\/IMG_1300-576x1024.jpg 576w, https:\/\/bebecobluesband.kinzart.com.br\/wp-content\/uploads\/2025\/06\/IMG_1300-768x1365.jpg 768w, https:\/\/bebecobluesband.kinzart.com.br\/wp-content\/uploads\/2025\/06\/IMG_1300-864x1536.jpg 864w, https:\/\/bebecobluesband.kinzart.com.br\/wp-content\/uploads\/2025\/06\/IMG_1300-1152x2048.jpg 1152w\" sizes=\"auto, (max-width: 1440px) 100vw, 1440px\" \/><\/a><\/div><div class=\"img_box\"><div class=\"gallery_brick_overlay\"><\/div><a href=\"https:\/\/bebecobluesband.kinzart.com.br\/wp-content\/uploads\/2025\/06\/IMG_1289-scaled.jpg\" data-lightbox=\"photoAlbum1449699623\"><img loading=\"lazy\" decoding=\"async\" width=\"1440\" height=\"2560\" src=\"https:\/\/bebecobluesband.kinzart.com.br\/wp-content\/uploads\/2025\/06\/IMG_1289-scaled.jpg\" class=\"attachment-full size-full\" alt=\"\" srcset=\"https:\/\/bebecobluesband.kinzart.com.br\/wp-content\/uploads\/2025\/06\/IMG_1289-scaled.jpg 1440w, https:\/\/bebecobluesband.kinzart.com.br\/wp-content\/uploads\/2025\/06\/IMG_1289-169x300.jpg 169w, https:\/\/bebecobluesband.kinzart.com.br\/wp-content\/uploads\/2025\/06\/IMG_1289-576x1024.jpg 576w, https:\/\/bebecobluesband.kinzart.com.br\/wp-content\/uploads\/2025\/06\/IMG_1289-768x1365.jpg 768w, https:\/\/bebecobluesband.kinzart.com.br\/wp-content\/uploads\/2025\/06\/IMG_1289-864x1536.jpg 864w, https:\/\/bebecobluesband.kinzart.com.br\/wp-content\/uploads\/2025\/06\/IMG_1289-1152x2048.jpg 1152w\" sizes=\"auto, (max-width: 1440px) 100vw, 1440px\" \/><\/a><\/div><div class=\"img_box\"><div class=\"gallery_brick_overlay\"><\/div><a href=\"https:\/\/bebecobluesband.kinzart.com.br\/wp-content\/uploads\/2025\/06\/Session-Blues-tio-Gther\u00b4s-24-06-25-201-scaled.jpeg\" data-lightbox=\"photoAlbum1449699623\"><img loading=\"lazy\" decoding=\"async\" width=\"2560\" height=\"1440\" src=\"https:\/\/bebecobluesband.kinzart.com.br\/wp-content\/uploads\/2025\/06\/Session-Blues-tio-Gther\u00b4s-24-06-25-201-scaled.jpeg\" class=\"attachment-full size-full\" alt=\"\" srcset=\"https:\/\/bebecobluesband.kinzart.com.br\/wp-content\/uploads\/2025\/06\/Session-Blues-tio-Gther\u00b4s-24-06-25-201-scaled.jpeg 2560w, https:\/\/bebecobluesband.kinzart.com.br\/wp-content\/uploads\/2025\/06\/Session-Blues-tio-Gther\u00b4s-24-06-25-201-300x169.jpeg 300w, https:\/\/bebecobluesband.kinzart.com.br\/wp-content\/uploads\/2025\/06\/Session-Blues-tio-Gther\u00b4s-24-06-25-201-1024x576.jpeg 1024w, https:\/\/bebecobluesband.kinzart.com.br\/wp-content\/uploads\/2025\/06\/Session-Blues-tio-Gther\u00b4s-24-06-25-201-768x432.jpeg 768w, https:\/\/bebecobluesband.kinzart.com.br\/wp-content\/uploads\/2025\/06\/Session-Blues-tio-Gther\u00b4s-24-06-25-201-1536x864.jpeg 1536w, https:\/\/bebecobluesband.kinzart.com.br\/wp-content\/uploads\/2025\/06\/Session-Blues-tio-Gther\u00b4s-24-06-25-201-2048x1152.jpeg 2048w\" sizes=\"auto, (max-width: 2560px) 100vw, 2560px\" \/><\/a><\/div><div class=\"img_box\"><div class=\"gallery_brick_overlay\"><\/div><a href=\"https:\/\/bebecobluesband.kinzart.com.br\/wp-content\/uploads\/2025\/06\/Gig2-scaled.jpg\" data-lightbox=\"photoAlbum1449699623\"><img loading=\"lazy\" decoding=\"async\" width=\"2560\" height=\"1707\" src=\"https:\/\/bebecobluesband.kinzart.com.br\/wp-content\/uploads\/2025\/06\/Gig2-scaled.jpg\" class=\"attachment-full size-full\" alt=\"\" srcset=\"https:\/\/bebecobluesband.kinzart.com.br\/wp-content\/uploads\/2025\/06\/Gig2-scaled.jpg 2560w, https:\/\/bebecobluesband.kinzart.com.br\/wp-content\/uploads\/2025\/06\/Gig2-300x200.jpg 300w, https:\/\/bebecobluesband.kinzart.com.br\/wp-content\/uploads\/2025\/06\/Gig2-1024x683.jpg 1024w, https:\/\/bebecobluesband.kinzart.com.br\/wp-content\/uploads\/2025\/06\/Gig2-768x512.jpg 768w, https:\/\/bebecobluesband.kinzart.com.br\/wp-content\/uploads\/2025\/06\/Gig2-1536x1024.jpg 1536w, https:\/\/bebecobluesband.kinzart.com.br\/wp-content\/uploads\/2025\/06\/Gig2-2048x1365.jpg 2048w\" sizes=\"auto, (max-width: 2560px) 100vw, 2560px\" \/><\/a><\/div><div class=\"img_box\"><div class=\"gallery_brick_overlay\"><\/div><a href=\"https:\/\/bebecobluesband.kinzart.com.br\/wp-content\/uploads\/2025\/06\/Session-Blues-tio-Gther\u00b4s-24-06-25-15-scaled.jpeg\" data-lightbox=\"photoAlbum1449699623\"><img loading=\"lazy\" decoding=\"async\" width=\"2560\" height=\"1440\" src=\"https:\/\/bebecobluesband.kinzart.com.br\/wp-content\/uploads\/2025\/06\/Session-Blues-tio-Gther\u00b4s-24-06-25-15-scaled.jpeg\" class=\"attachment-full size-full\" alt=\"\" srcset=\"https:\/\/bebecobluesband.kinzart.com.br\/wp-content\/uploads\/2025\/06\/Session-Blues-tio-Gther\u00b4s-24-06-25-15-scaled.jpeg 2560w, https:\/\/bebecobluesband.kinzart.com.br\/wp-content\/uploads\/2025\/06\/Session-Blues-tio-Gther\u00b4s-24-06-25-15-300x169.jpeg 300w, https:\/\/bebecobluesband.kinzart.com.br\/wp-content\/uploads\/2025\/06\/Session-Blues-tio-Gther\u00b4s-24-06-25-15-1024x576.jpeg 1024w, https:\/\/bebecobluesband.kinzart.com.br\/wp-content\/uploads\/2025\/06\/Session-Blues-tio-Gther\u00b4s-24-06-25-15-768x432.jpeg 768w, https:\/\/bebecobluesband.kinzart.com.br\/wp-content\/uploads\/2025\/06\/Session-Blues-tio-Gther\u00b4s-24-06-25-15-1536x864.jpeg 1536w, https:\/\/bebecobluesband.kinzart.com.br\/wp-content\/uploads\/2025\/06\/Session-Blues-tio-Gther\u00b4s-24-06-25-15-2048x1152.jpeg 2048w\" sizes=\"auto, (max-width: 2560px) 100vw, 2560px\" \/><\/a><\/div><\/div><div class=\"lc_view_more view_more_justified_gallery lc_swp_boxed\"><a href=\"https:\/\/bebecobluesband.kinzart.com.br\/index.php\/gallery\/\">Ver mais imagens<\/a><\/div>[\/vc_column_inner][\/vc_row_inner][\/vc_column][\/vc_row]<\/p>\n<\/section>","protected":false},"excerpt":{"rendered":"<p>[vc_row css=&#8221;.vc_custom_1751297995382{background-image: url(https:\/\/bebecobluesband.kinzart.com.br\/wp-content\/uploads\/2025\/06\/Session-Blues-tio-Gther\u00b4s-24-06-25-201-scaled.jpeg?id=2556) !important;background-position: center !important;background-repeat: no-repeat !important;background-size: cover !important;}&#8221; el_id=&#8221;banner&#8221;][vc_column][\/vc_column][\/vc_row][vc_row full_height=&#8221;yes&#8221; css=&#8221;.vc_custom_1751296998970{background-image: url(https:\/\/bebecobluesband.kinzart.com.br\/wp-content\/uploads\/2025\/06\/Bebeco-2-scaled.jpg?id=2524) !important;background-position: center !important;background-repeat: no-repeat !important;background-size: cover !important;}&#8221; el_id=&#8221;banner-mbl&#8221;][vc_column][\/vc_column][\/vc_row][vc_row css=&#8221;.vc_custom_1691079305897{margin-right: 10vw !important;margin-left: 10vw !important;padding-top: 5vh !important;}&#8221; el_id=&#8221;sobre&#8221;][vc_column][vc_row_inner css=&#8221;.vc_custom_1691079484117{margin-bottom: 5vh !important;}&#8221; el_id=&#8221;titulo&#8221;][vc_column_inner][\/vc_column_inner][\/vc_row_inner][vc_row_inner][vc_column_inner width=&#8221;1\/2&#8243;][vc_gallery interval=&#8221;5&#8243; images=&#8221;2515,2517,2520,2521,2522,2526,2527&#8243; img_size=&#8221;full&#8221; onclick=&#8221;img_link_large&#8221; el_id=&#8221;slide-renata&#8221;][\/vc_column_inner][vc_column_inner&#8230;<\/p>\n","protected":false},"author":1,"featured_media":0,"parent":0,"menu_order":0,"comment_status":"closed","ping_status":"closed","template":"template-visual-composer.php","meta":{"footnotes":""},"class_list":["post-1999","page","type-page","status-publish","hentry"],"_links":{"self":[{"href":"https:\/\/bebecobluesband.kinzart.com.br\/index.php\/wp-json\/wp\/v2\/pages\/1999","targetHints":{"allow":["GET"]}}],"collection":[{"href":"https:\/\/bebecobluesband.kinzart.com.br\/index.php\/wp-json\/wp\/v2\/pages"}],"about":[{"href":"https:\/\/bebecobluesband.kinzart.com.br\/index.php\/wp-json\/wp\/v2\/types\/page"}],"author":[{"embeddable":true,"href":"https:\/\/bebecobluesband.kinzart.com.br\/index.php\/wp-json\/wp\/v2\/users\/1"}],"replies":[{"embeddable":true,"href":"https:\/\/bebecobluesband.kinzart.com.br\/index.php\/wp-json\/wp\/v2\/comments?post=1999"}],"version-history":[{"count":24,"href":"https:\/\/bebecobluesband.kinzart.com.br\/index.php\/wp-json\/wp\/v2\/pages\/1999\/revisions"}],"predecessor-version":[{"id":2564,"href":"https:\/\/bebecobluesband.kinzart.com.br\/index.php\/wp-json\/wp\/v2\/pages\/1999\/revisions\/2564"}],"wp:attachment":[{"href":"https:\/\/bebecobluesband.kinzart.com.br\/index.php\/wp-json\/wp\/v2\/media?parent=1999"}],"curies":[{"name":"wp","href":"https:\/\/api.w.org\/{rel}","templated":true}]}}